{"id":158,"date":"2016-07-05T02:30:55","date_gmt":"2016-07-05T02:30:55","guid":{"rendered":"http:\/\/tatianaendodontia.com.br\/site\/?page_id=158"},"modified":"2018-04-16T19:03:18","modified_gmt":"2018-04-16T19:03:18","slug":"sobretatianacosta","status":"publish","type":"page","link":"https:\/\/oral.odo.br\/site\/sobretatianacosta\/","title":{"rendered":"Tatiana Dias Costa"},"content":{"rendered":"<p><a href=\"http:\/\/tatianaendodontia.com.br\/site\/wp-content\/uploads\/2018\/03\/85.jpg\"><img decoding=\"async\" loading=\"lazy\" class=\"wp-image-831 alignright\" src=\"http:\/\/tatianaendodontia.com.br\/site\/wp-content\/uploads\/2018\/03\/85-683x1024.jpg\" alt=\"(85)\" width=\"331\" height=\"496\" srcset=\"https:\/\/oral.odo.br\/site\/wp-content\/uploads\/2018\/03\/85-683x1024.jpg 683w, https:\/\/oral.odo.br\/site\/wp-content\/uploads\/2018\/03\/85-200x300.jpg 200w, https:\/\/oral.odo.br\/site\/wp-content\/uploads\/2018\/03\/85-768x1152.jpg 768w\" sizes=\"(max-width: 331px) 100vw, 331px\" \/><\/a>Formada pela Faculdade de Odontologia da Universidade Federal de Juiz de Fora (UFJF), Tatiana Dias Costa \u00e9 cirurgi\u00e3-dentista, mestre em Cl\u00ednica Odontol\u00f3gica e especialista em Endodontia.<\/p>\n<p>Trabalha h\u00e1 mais de dez anos com microscopia \u00f3ptica aplicada ao tratamento endod\u00f4ntico.<\/p>\n<p>\u00c9 docente do curso de gradua\u00e7\u00e3o em Odontologia pelo Centro Universit\u00e1rio Est\u00e1cio de Juiz de Fora, onde leciona as disciplinas de Endodontia I e II e Cl\u00ednica Odontol\u00f3gica.<\/p>\n<p>\u00c9 professora do curso de especializa\u00e7\u00e3o em Endodontia, tamb\u00e9m pelo Centro Universit\u00e1rio Est\u00e1cio Juiz de Fora.<\/p>\n<p>\u00c9\u00a0professora-coordenadora dos cursos de aperfei\u00e7oamento em endodontia da Endoclean.<\/p>\n<p><strong>CRO-MG: 30.510<\/strong><\/p>\n<p>Acesse o curr\u00edculo Lattes:\u00a0 <a href=\"http:\/\/lattes.cnpq.br\/8281335187981354\">http:\/\/lattes.cnpq.br\/8281335187981354<\/a><\/p>\n","protected":false},"excerpt":{"rendered":"<p>Formada pela Faculdade de Odontologia da Universidade Federal de Juiz de Fora (UFJF), Tatiana Dias Costa \u00e9 cirurgi\u00e3-dentista, mestre em Cl\u00ednica Odontol\u00f3gica e especialista em Endodontia. Trabalha h\u00e1 mais de dez anos com microscopia \u00f3ptica aplicada ao tratamento endod\u00f4ntico. \u00c9 docente do curso de gradua\u00e7\u00e3o em Odontologia pelo Centro Universit\u00e1rio Est\u00e1cio de Juiz de Fora, [&hellip;]<\/p>\n","protected":false},"author":1,"featured_media":0,"parent":0,"menu_order":0,"comment_status":"closed","ping_status":"closed","template":"","meta":[],"yoast_head":"<!-- This site is optimized with the Yoast SEO plugin v20.8 - https:\/\/yoast.com\/wordpress\/plugins\/seo\/ -->\n<title>Tatiana Dias Costa - Espa\u00e7o Oral<\/title>\n<meta name=\"robots\" content=\"index, follow, max-snippet:-1, max-image-preview:large, max-video-preview:-1\" \/>\n<link rel=\"canonical\" href=\"https:\/\/oral.odo.br\/site\/sobretatianacosta\/\" \/>\n<meta property=\"og:locale\" content=\"pt_BR\" \/>\n<meta property=\"og:type\" content=\"article\" \/>\n<meta property=\"og:title\" content=\"Tatiana Dias Costa - Espa\u00e7o Oral\" \/>\n<meta property=\"og:description\" content=\"Formada pela Faculdade de Odontologia da Universidade Federal de Juiz de Fora (UFJF), Tatiana Dias Costa \u00e9 cirurgi\u00e3-dentista, mestre em Cl\u00ednica Odontol\u00f3gica e especialista em Endodontia. Trabalha h\u00e1 mais de dez anos com microscopia \u00f3ptica aplicada ao tratamento endod\u00f4ntico. \u00c9 docente do curso de gradua\u00e7\u00e3o em Odontologia pelo Centro Universit\u00e1rio Est\u00e1cio de Juiz de Fora, [&hellip;]\" \/>\n<meta property=\"og:url\" content=\"https:\/\/oral.odo.br\/site\/sobretatianacosta\/\" \/>\n<meta property=\"og:site_name\" content=\"Espa\u00e7o Oral\" \/>\n<meta property=\"article:modified_time\" content=\"2018-04-16T19:03:18+00:00\" \/>\n<meta property=\"og:image\" content=\"http:\/\/tatianaendodontia.com.br\/site\/wp-content\/uploads\/2018\/03\/85-683x1024.jpg\" \/>\n<meta name=\"twitter:card\" content=\"summary_large_image\" \/>\n<meta name=\"twitter:label1\" content=\"Est. tempo de leitura\" \/>\n\t<meta name=\"twitter:data1\" content=\"1 minuto\" \/>\n<script type=\"application\/ld+json\" class=\"yoast-schema-graph\">{\"@context\":\"https:\/\/schema.org\",\"@graph\":[{\"@type\":\"WebPage\",\"@id\":\"https:\/\/oral.odo.br\/site\/sobretatianacosta\/\",\"url\":\"https:\/\/oral.odo.br\/site\/sobretatianacosta\/\",\"name\":\"Tatiana Dias Costa - Espa\u00e7o Oral\",\"isPartOf\":{\"@id\":\"https:\/\/oral.odo.br\/site\/#website\"},\"datePublished\":\"2016-07-05T02:30:55+00:00\",\"dateModified\":\"2018-04-16T19:03:18+00:00\",\"breadcrumb\":{\"@id\":\"https:\/\/oral.odo.br\/site\/sobretatianacosta\/#breadcrumb\"},\"inLanguage\":\"pt-BR\",\"potentialAction\":[{\"@type\":\"ReadAction\",\"target\":[\"https:\/\/oral.odo.br\/site\/sobretatianacosta\/\"]}]},{\"@type\":\"BreadcrumbList\",\"@id\":\"https:\/\/oral.odo.br\/site\/sobretatianacosta\/#breadcrumb\",\"itemListElement\":[{\"@type\":\"ListItem\",\"position\":1,\"name\":\"In\u00edcio\",\"item\":\"https:\/\/oral.odo.br\/site\/\"},{\"@type\":\"ListItem\",\"position\":2,\"name\":\"Tatiana Dias Costa\"}]},{\"@type\":\"WebSite\",\"@id\":\"https:\/\/oral.odo.br\/site\/#website\",\"url\":\"https:\/\/oral.odo.br\/site\/\",\"name\":\"Espa\u00e7o Oral\",\"description\":\"Clinica Odontologia em Juiz de Fora, tratamentos de canal, Endodontia,\",\"potentialAction\":[{\"@type\":\"SearchAction\",\"target\":{\"@type\":\"EntryPoint\",\"urlTemplate\":\"https:\/\/oral.odo.br\/site\/?s={search_term_string}\"},\"query-input\":\"required name=search_term_string\"}],\"inLanguage\":\"pt-BR\"}]}<\/script>\n<!-- \/ Yoast SEO plugin. -->","yoast_head_json":{"title":"Tatiana Dias Costa - Espa\u00e7o Oral","robots":{"index":"index","follow":"follow","max-snippet":"max-snippet:-1","max-image-preview":"max-image-preview:large","max-video-preview":"max-video-preview:-1"},"canonical":"https:\/\/oral.odo.br\/site\/sobretatianacosta\/","og_locale":"pt_BR","og_type":"article","og_title":"Tatiana Dias Costa - Espa\u00e7o Oral","og_description":"Formada pela Faculdade de Odontologia da Universidade Federal de Juiz de Fora (UFJF), Tatiana Dias Costa \u00e9 cirurgi\u00e3-dentista, mestre em Cl\u00ednica Odontol\u00f3gica e especialista em Endodontia. Trabalha h\u00e1 mais de dez anos com microscopia \u00f3ptica aplicada ao tratamento endod\u00f4ntico. \u00c9 docente do curso de gradua\u00e7\u00e3o em Odontologia pelo Centro Universit\u00e1rio Est\u00e1cio de Juiz de Fora, [&hellip;]","og_url":"https:\/\/oral.odo.br\/site\/sobretatianacosta\/","og_site_name":"Espa\u00e7o Oral","article_modified_time":"2018-04-16T19:03:18+00:00","og_image":[{"url":"http:\/\/tatianaendodontia.com.br\/site\/wp-content\/uploads\/2018\/03\/85-683x1024.jpg"}],"twitter_card":"summary_large_image","twitter_misc":{"Est. tempo de leitura":"1 minuto"},"schema":{"@context":"https:\/\/schema.org","@graph":[{"@type":"WebPage","@id":"https:\/\/oral.odo.br\/site\/sobretatianacosta\/","url":"https:\/\/oral.odo.br\/site\/sobretatianacosta\/","name":"Tatiana Dias Costa - Espa\u00e7o Oral","isPartOf":{"@id":"https:\/\/oral.odo.br\/site\/#website"},"datePublished":"2016-07-05T02:30:55+00:00","dateModified":"2018-04-16T19:03:18+00:00","breadcrumb":{"@id":"https:\/\/oral.odo.br\/site\/sobretatianacosta\/#breadcrumb"},"inLanguage":"pt-BR","potentialAction":[{"@type":"ReadAction","target":["https:\/\/oral.odo.br\/site\/sobretatianacosta\/"]}]},{"@type":"BreadcrumbList","@id":"https:\/\/oral.odo.br\/site\/sobretatianacosta\/#breadcrumb","itemListElement":[{"@type":"ListItem","position":1,"name":"In\u00edcio","item":"https:\/\/oral.odo.br\/site\/"},{"@type":"ListItem","position":2,"name":"Tatiana Dias Costa"}]},{"@type":"WebSite","@id":"https:\/\/oral.odo.br\/site\/#website","url":"https:\/\/oral.odo.br\/site\/","name":"Espa\u00e7o Oral","description":"Clinica Odontologia em Juiz de Fora, tratamentos de canal, Endodontia,","potentialAction":[{"@type":"SearchAction","target":{"@type":"EntryPoint","urlTemplate":"https:\/\/oral.odo.br\/site\/?s={search_term_string}"},"query-input":"required name=search_term_string"}],"inLanguage":"pt-BR"}]}},"_links":{"self":[{"href":"https:\/\/oral.odo.br\/site\/wp-json\/wp\/v2\/pages\/158"}],"collection":[{"href":"https:\/\/oral.odo.br\/site\/wp-json\/wp\/v2\/pages"}],"about":[{"href":"https:\/\/oral.odo.br\/site\/wp-json\/wp\/v2\/types\/page"}],"author":[{"embeddable":true,"href":"https:\/\/oral.odo.br\/site\/wp-json\/wp\/v2\/users\/1"}],"replies":[{"embeddable":true,"href":"https:\/\/oral.odo.br\/site\/wp-json\/wp\/v2\/comments?post=158"}],"version-history":[{"count":12,"href":"https:\/\/oral.odo.br\/site\/wp-json\/wp\/v2\/pages\/158\/revisions"}],"predecessor-version":[{"id":839,"href":"https:\/\/oral.odo.br\/site\/wp-json\/wp\/v2\/pages\/158\/revisions\/839"}],"wp:attachment":[{"href":"https:\/\/oral.odo.br\/site\/wp-json\/wp\/v2\/media?parent=158"}],"curies":[{"name":"wp","href":"https:\/\/api.w.org\/{rel}","templated":true}]}}